{"id":187,"date":"2019-12-06T08:13:32","date_gmt":"2019-12-06T08:13:32","guid":{"rendered":"https:\/\/gustavoasantos.com\/?page_id=187"},"modified":"2025-11-12T13:52:14","modified_gmt":"2025-11-12T16:52:14","slug":"contato","status":"publish","type":"page","link":"https:\/\/gustavoasantos.com\/en\/contato\/","title":{"rendered":"Contact"},"content":{"rendered":"<p><section class=\"fw-main-row\"  >\n\t<div class=\"fw-container\">\n\t\t<div class=\"row\">\n\t\r\n\r\n<div class=\"col-xs-12 col-sm-4\">\r\n    <div id=\"col_inner_7311a7394317832c0b256771fd211c13\" class=\"fw-col-inner\" data-paddings=\"0px 0px 0px 0px\">\r\n    \t\n<div id=\"info-list-69e229c9eb6a2\" class=\"info-list-w-icon\">\n\t\n\t\t\t<div class=\"info-block-w-icon\">\n\t\t    <div class=\"ci-icon\">\n\t\t        \t\t        \t                        <i class=\"linecons linecons-location\"><\/i>\n\t\t                \t\t    <\/div>\n\t\t    <div class=\"ci-text\">\n\t\t        <h4>S\u00e3o Paulo, S\u00e3o Paulo, Brasil<\/h4>\n\t\t        \t\t        <p>Localiza\u00e7\u00e3o<\/p>\n\t\t        \t\t    <\/div>\n\t\t<\/div>\n\t\t\t<div class=\"info-block-w-icon\">\n\t\t    <div class=\"ci-icon\">\n\t\t        \t\t        \t                        <i class=\"linecons linecons-mail\"><\/i>\n\t\t                \t\t    <\/div>\n\t\t    <div class=\"ci-text\">\n\t\t        <h4>contato@gustavoasantos.com<\/h4>\n\t\t        \t\t        <p>E-mail profissional<\/p>\n\t\t        \t\t    <\/div>\n\t\t<\/div>\n\t<\/div>\n\t<\/div>\r\n<\/div>\r\n\r\n\r\n<div class=\"col-xs-12 col-sm-8\">\r\n    <div id=\"col_inner_b9986d93abfbd322e79534dd003c0cb6\" class=\"fw-col-inner\" data-paddings=\"0px 0px 0px 0px\">\r\n    \t\n<div class=\"block-title\">\n    <h2>Envie uma mensagem<\/h2>\n<\/div>\n\r\n<form id=\"contact_form_69e229c9ebc62\" class=\"contact-form\" action=\"#\" method=\"post\" data-trp-original-action=\"#\">\r\n\r\n\t<div class=\"messages\"><\/div>\r\n\r\n\t<div class=\"controls two-columns\">\r\n\t\t<div class=\"fields clearfix\">\r\n\t\t\t<div class=\"left-column\">\r\n\t\t\t\t<div class=\"form-group form-group-with-icon\">\r\n\t\t\t\t\t<input id=\"form_name\" type=\"text\" name=\"name\" class=\"form-control\" placeholder=\"Full Name\" required=\"required\" data-error=\"Name is required.\">\r\n\t\t\t\t\t<div class=\"form-control-border\"><\/div>\r\n\t\t\t\t\t<div class=\"help-block with-errors\"><\/div>\r\n\t\t\t\t<\/div>\r\n\r\n\t\t\t\t<div class=\"form-group form-group-with-icon\">\r\n\t\t\t\t\t<input id=\"form_email\" type=\"email\" name=\"email\" class=\"form-control\" placeholder=\"Email Address\" required=\"required\" data-error=\"Valid email is required.\">\r\n\t\t\t\t\t<div class=\"form-control-border\"><\/div>\r\n\t\t\t\t\t<div class=\"help-block with-errors\"><\/div>\r\n\t\t\t\t<\/div>\r\n\r\n\t\t\t\t<div class=\"form-group form-group-with-icon\">\r\n\t\t\t\t\t<input id=\"form_name\" type=\"text\" name=\"subject\" class=\"form-control\" placeholder=\"Subject\" required=\"required\" data-error=\"Subject is required.\">\r\n\t\t\t\t\t<div class=\"form-control-border\"><\/div>\r\n\t\t\t\t\t<div class=\"help-block with-errors\"><\/div>\r\n\t\t\t\t<\/div>\r\n\t\t\t<\/div>\r\n\t\t\t<div class=\"right-column\">\r\n\t\t\t\t<div class=\"form-group form-group-with-icon\">\r\n\t\t\t\t\t<textarea id=\"form_message\" name=\"message\" class=\"form-control\" placeholder=\"Message\" rows=\"7\" required=\"required\" data-error=\"Please, leave me a message.\"><\/textarea>\r\n\t\t\t\t\t<div class=\"form-control-border\"><\/div>\r\n\t\t\t\t\t<div class=\"help-block with-errors\"><\/div>\r\n\t\t\t\t<\/div>\r\n\t\t\t<\/div>\r\n\t\t<\/div>\r\n\r\n\t\t\r\n\t\t\t\t\t\t\t\t\t\t<div class=\"g-recaptcha\" data-sitekey=\"6LdqmCAUAAAAAMMNEZvn6g4W5e0or2sZmAVpxVqI\"><\/div>\r\n\t\t\t\t\r\n\t\t<input type=\"submit\" class=\"button btn-send\" value=\"Send message\">\r\n\t<\/div>\r\n<input type=\"hidden\" name=\"trp-form-language\" value=\"en\"\/><\/form>\r\n\r\n\t<\/div>\r\n<\/div>\r\n<\/div>\n\n<div class=\"row\">\n\t\r\n\r\n<div class=\"col-xs-12 col-sm-12\">\r\n    <div id=\"col_inner_5382ca468f2e502459f4556ad2d212e9\" class=\"fw-col-inner\" data-paddings=\"0px 0px 0px 0px\">\r\n    \t\n\t<div class=\"fw-divider-space\" style=\"padding-top: 100px;\"><\/div>\n\t<\/div>\r\n<\/div>\r\n<\/div>\n\n\t<\/div>\n<\/section>\n<section class=\"fw-main-row\"  >\n\t<div class=\"fw-container-fluid\">\n\t\t<div class=\"row\">\n\t\r\n\r\n<div class=\"col-xs-12 col-sm-3 center\">\r\n    <div id=\"col_inner_b03419aa1e3507a34d60708930274d9a\" class=\"fw-col-inner\" data-paddings=\"0px 0px 0px 80px\">\r\n    \t<p><div class=\"trp-shortcode-switcher__wrapper\"\r\n     style=\"--bg:#ffffff;--bg-hover:#0000000d;--text:#143852;--text-hover:#1d2327;--border:1px solid #1438521a;--border-width:1px;--border-color:#1438521a;--border-radius:5px;--flag-radius:2px;--flag-size:18px;--aspect-ratio:4\/3;--font-size:14px;--transition-duration:0.2s\"\r\n     role=\"group\"\r\n     data-open-mode=\"hover\">\r\n\r\n    \r\n        <!-- ANCHOR (in-flow only; sizing\/borders; inert) -->\r\n        <div class=\"trp-language-switcher trp-ls-dropdown trp-shortcode-switcher trp-shortcode-anchor trp-open-on-hover\"\r\n             aria-hidden=\"true\"\r\n             inert\r\n data-no-translation>\r\n                <div class=\"trp-current-language-item__wrapper\">\r\n        <a class=\"trp-language-item trp-language-item__default trp-language-item__current\" data-no-translation href=\"https:\/\/gustavoasantos.com\/en\/wp-json\/wp\/v2\/pages\/187\" title=\"EN\"><img decoding=\"async\" src=\"https:\/\/gustavoasantos.com\/wp-content\/plugins\/translatepress-multilingual\/assets\/flags\/4x3\/en_US.svg\" class=\"trp-flag-image\" alt=\"\" role=\"presentation\" loading=\"lazy\" \/><span class=\"trp-language-item-name\">EN<\/span><\/a>                    <svg class=\"trp-shortcode-arrow\" width=\"20\" height=\"20\" viewbox=\"0 0 20 21\" fill=\"none\" aria-hidden=\"true\" focusable=\"false\" xmlns=\"http:\/\/www.w3.org\/2000\/svg\">\r\n                <path d=\"M5 8L10 13L15 8\" stroke=\"var(--text)\" stroke-width=\"2\" stroke-linecap=\"round\" stroke-linejoin=\"round\"\/>\r\n            <\/svg>\r\n            <\/div>\r\n            <\/div>\r\n\r\n        <!-- OVERLAY (positioned; interactive surface) -->\r\n        <div class=\"trp-language-switcher trp-ls-dropdown trp-shortcode-switcher trp-shortcode-overlay trp-open-on-hover\"\r\n             role=\"navigation\"\r\n             aria-label=\"Website language selector\"\r\n             data-no-translation\r\n>\r\n                <div class=\"trp-current-language-item__wrapper\">\r\n        <div class=\"trp-language-item trp-language-item__default trp-language-item__current\" data-no-translation role=\"button\" aria-expanded=\"false\" tabindex=\"0\" aria-label=\"Change language\" aria-controls=\"trp-shortcode-dropdown-69e229c9ec905\"><img decoding=\"async\" src=\"https:\/\/gustavoasantos.com\/wp-content\/plugins\/translatepress-multilingual\/assets\/flags\/4x3\/en_US.svg\" class=\"trp-flag-image\" alt=\"\" role=\"presentation\" loading=\"lazy\" \/><span class=\"trp-language-item-name\">EN<\/span><\/div>                    <svg class=\"trp-shortcode-arrow\" width=\"20\" height=\"20\" viewbox=\"0 0 20 21\" fill=\"none\" aria-hidden=\"true\" focusable=\"false\" xmlns=\"http:\/\/www.w3.org\/2000\/svg\">\r\n                <path d=\"M5 8L10 13L15 8\" stroke=\"var(--text)\" stroke-width=\"2\" stroke-linecap=\"round\" stroke-linejoin=\"round\"\/>\r\n            <\/svg>\r\n            <\/div>\r\n    \r\n            <div class=\"trp-switcher-dropdown-list\"\r\n                 id=\"trp-shortcode-dropdown-69e229c9ec905\"\r\n                 role=\"group\"\r\n                 aria-label=\"Available languages\"\r\n                 hidden\r\n inert\r\n>\r\n                                                            <a class=\"trp-language-item\" href=\"https:\/\/gustavoasantos.com\/en\/wp-json\/wp\/v2\/pages\/187\" title=\"BR\">\r\n                            <img decoding=\"async\" src=\"https:\/\/gustavoasantos.com\/wp-content\/plugins\/translatepress-multilingual\/assets\/flags\/4x3\/pt_BR.svg\" class=\"trp-flag-image\" alt=\"\" role=\"presentation\" loading=\"lazy\" \/>                                                            <span class=\"trp-language-item-name\" data-no-translation>BR<\/span>\r\n                                                                                <\/a>\r\n                                                <\/div>\r\n        <\/div>\r\n\r\n    <\/div>\r\n<\/p>\n\t<div class=\"fw-divider-space\" style=\"padding-top: 10px;\"><\/div>\n\n<div class=\"social-links-block\">\n\t\t<ul class=\"social-links\" id=\"social-links-69e229c9ecd8d\">\n\t\t\t\t\t\t\t\t<li><a class=\"social-button\" href=\"https:\/\/www.linkedin.com\/in\/gustavoaraujodg\/\" target=\"_blank\" title=\"LinkedIn\">\n\t\t\t\t\t\t\t    \t\t\t                <i class=\"fa fa-linkedin\"><\/i>\n\t\t\t            \t\t\t<\/a><\/li>\n\t\t\t\t\t\t\t\t<li><a class=\"social-button\" href=\"https:\/\/www.instagram.com\/gustavoaraujodg\/\" target=\"_blank\" title=\"Instagram\">\n\t\t\t\t\t\t\t    \t\t\t                <i class=\"fa fa-instagram\"><\/i>\n\t\t\t            \t\t\t<\/a><\/li>\n\t\t\t<\/ul>\n<\/div>\n\t<\/div>\r\n<\/div>\r\n<\/div>\n\n\t<\/div>\n<\/section>\n<\/p>","protected":false},"excerpt":{"rendered":"<p>S\u00e3o Paulo, S\u00e3o Paulo, Brasil Localiza\u00e7\u00e3o contato@gustavoasantos.com E-mail profissional Envie uma mensagem EN EN BR<\/p>","protected":false},"author":1,"featured_media":0,"parent":0,"menu_order":0,"comment_status":"closed","ping_status":"closed","template":"","meta":{"footnotes":""},"class_list":["post-187","page","type-page","status-publish","hentry"],"_links":{"self":[{"href":"https:\/\/gustavoasantos.com\/en\/wp-json\/wp\/v2\/pages\/187","targetHints":{"allow":["GET"]}}],"collection":[{"href":"https:\/\/gustavoasantos.com\/en\/wp-json\/wp\/v2\/pages"}],"about":[{"href":"https:\/\/gustavoasantos.com\/en\/wp-json\/wp\/v2\/types\/page"}],"author":[{"embeddable":true,"href":"https:\/\/gustavoasantos.com\/en\/wp-json\/wp\/v2\/users\/1"}],"replies":[{"embeddable":true,"href":"https:\/\/gustavoasantos.com\/en\/wp-json\/wp\/v2\/comments?post=187"}],"version-history":[{"count":17,"href":"https:\/\/gustavoasantos.com\/en\/wp-json\/wp\/v2\/pages\/187\/revisions"}],"predecessor-version":[{"id":635,"href":"https:\/\/gustavoasantos.com\/en\/wp-json\/wp\/v2\/pages\/187\/revisions\/635"}],"wp:attachment":[{"href":"https:\/\/gustavoasantos.com\/en\/wp-json\/wp\/v2\/media?parent=187"}],"curies":[{"name":"wp","href":"https:\/\/api.w.org\/{rel}","templated":true}]}}