{"id":171,"date":"2019-12-04T12:57:14","date_gmt":"2019-12-04T12:57:14","guid":{"rendered":"https:\/\/gustavoasantos.com\/?page_id=171"},"modified":"2026-02-01T18:49:13","modified_gmt":"2026-02-01T21:49:13","slug":"sobre","status":"publish","type":"page","link":"https:\/\/gustavoasantos.com\/en\/sobre\/","title":{"rendered":"About Me"},"content":{"rendered":"<p><section class=\"fw-main-row\"  >\n\t<div class=\"fw-container\">\n\t\t<div class=\"row\">\n\t\r\n\r\n<div class=\"col-xs-12 col-sm-2\">\r\n    <div id=\"col_inner_b8bd85de06a9b2325329dccb596b6ef8\" class=\"fw-col-inner\" data-paddings=\"0px 0px 0px 0px\">\r\n    \t\t<\/div>\r\n<\/div>\r\n\r\n\r\n<div class=\"col-xs-12 col-sm-8\">\r\n    <div id=\"col_inner_bdb5cd057d91f1af4821812f2549df15\" class=\"fw-col-inner\" data-paddings=\"0px 0px 0px 0px\">\r\n    \t\n<div id=\"home_content_4887f42a78a0607865e0852d267e0f32\" class=\"home-content\">\n    <div class=\"row flex-v-align\">\n        <div class=\"col-sm-12 col-md-5 col-lg-5\">\n            <div class=\"home-photo\">\n                <div class=\"hp-inner\"><\/div>\n            <\/div>\n        <\/div>\n\n        <div class=\"col-sm-12 col-md-7 col-lg-7\">\n            <div class=\"home-text hp-left\">\n                                <div class=\"owl-carousel text-rotation\">                                    \n                                            <div class=\"item\">\n                            <h4>UX\/UI Designer<\/h4>\n                        <\/div>\n                                            <div class=\"item\">\n                            <h4>Designer Gr\u00e1fico<\/h4>\n                        <\/div>\n                                    <\/div>\n                                <h1>Gustavo Ara\u00fajo<\/h1>\n                <p><\/p>\n                            <\/div>\n        <\/div>\n    <\/div>\n<\/div>\n\n\t<div class=\"fw-divider-space\" style=\"padding-top: 50px;\"><\/div>\n\t<\/div>\r\n<\/div>\r\n\r\n\r\n<div class=\"col-xs-12 col-sm-2\">\r\n    <div id=\"col_inner_18aa439cc9638e8ec64d621c53adcf49\" class=\"fw-col-inner\" data-paddings=\"0px 0px 0px 0px\">\r\n    \t\t<\/div>\r\n<\/div>\r\n<\/div>\n\n<div class=\"row\">\n\t\r\n\r\n<div class=\"col-xs-12 col-sm-12\">\r\n    <div id=\"col_inner_77467ae41c1f423500b3c7225d5b3f82\" class=\"fw-col-inner\" data-paddings=\"0px 0px 0px 0px\">\r\n    \t<p>Ol\u00e1! Me chamo Gustavo, tenho 24 anos, sou natural de S\u00e3o Paulo - SP. Atuo como designer h\u00e1 mais de 6 anos, participando de diversos projetos para empresas nacionais de todos os portes.<\/p><p>H\u00e1 tr\u00eas anos, estou em um processo de transi\u00e7\u00e3o de carreira, buscando me especializar como designer de experi\u00eancia do usu\u00e1rio. Para iniciar a minha jornada no UX Design, participei do programa de certifica\u00e7\u00e3o profissional de UX Design da Google, que iniciei no final de 2023 e conclui no final de 2024, ap\u00f3s ser aprovado nos 7 cursos ministrados pelos profissionais da big tech.<\/p><p>Em 2025, cursei e conclui a p\u00f3s-gradua\u00e7\u00e3o em UX Design e Intera\u00e7\u00e3o Humano-Computador (IHC) pela PUC-Rio, onde adquiri ainda mais conhecimentos da \u00e1rea de UX, alinhando a teoria \u00e0 pr\u00e1tica, como por exemplo: planejando e executando pesquisas com usu\u00e1rios; criando wireframes e prot\u00f3tipos de interfaces; avaliando o sistema com uso de heur\u00edsticas e testes de usabilidade.<\/p><p>No meu dia a dia, sempre busco criar experi\u00eancias marcantes, com foco nos usu\u00e1rios, na boa usabilidade, aten\u00e7\u00e3o aos detalhes, a est\u00e9tica e principalmente a funcionalidade e a capacidade de proporcionar boas impress\u00f5es e sentimentos \u00e0s pessoas.<\/p>\n\t<div class=\"fw-divider-space\" style=\"padding-top: 50px;\"><\/div>\n\t<\/div>\r\n<\/div>\r\n<\/div>\n\n<div class=\"row\">\n\t\r\n\r\n<div class=\"col-xs-12 col-sm-6\">\r\n    <div id=\"col_inner_c963db795ac67e0d3fa13f175cb0eb93\" class=\"fw-col-inner\" data-paddings=\"0px 0px 0px 0px\">\r\n    \t\n<div class=\"block-title\">\n    <h2>Forma\u00e7\u00e3o acad\u00eamica<\/h2>\n<\/div>\n\n\n<div id=\"timeline-69e21494d9ed0\" class=\"timeline clearfix\">\n\t\t<div class=\"timeline-item clearfix\">\n        <h5 class=\"item-period current\">2025<\/h5>\n        <span class=\"item-company\">Pontif\u00edcia Universidade Cat\u00f3lica do Rio de Janeiro (PUC-Rio)<\/span>\n        <h4 class=\"item-title\">P\u00f3s-gradua\u00e7\u00e3o em UX Experi\u00eancia do Usu\u00e1rio e Intera\u00e7\u00e3o Humano-Computador<\/h4>\n        <div class=\"text\">\n        \tFoco em planejar e executar pesquisas de UX, criar wireframes e prot\u00f3tipos e avaliar a qualidade de uso de sistemas computacionais interativos, funcionais ou em fase de testes.        <\/div>\n            <\/div>\n\t\t<div class=\"timeline-item clearfix\">\n        <h5 class=\"item-period\">2019-2020<\/h5>\n        <span class=\"item-company\">Universidade Paulista<\/span>\n        <h4 class=\"item-title\">Gradua\u00e7\u00e3o em Design Gr\u00e1fico<\/h4>\n        <div class=\"text\">\n        \tO curso superior de Tecnologia em Design Gr\u00e1fico tem como objetivo desenvolver compet\u00eancias associadas \u00e0 utiliza\u00e7\u00e3o de m\u00e9todos e t\u00e9cnicas modernas no \u00e2mbito da Comunica\u00e7\u00e3o, formando profissionais capazes de atuar nos departamentos de comunica\u00e7\u00e3o, publicidade, propaganda e marketing de empresas industriais e de servi\u00e7os, setor p\u00fablico, organiza\u00e7\u00f5es n\u00e3o-governamentais e empresas especializadas.        <\/div>\n            <\/div>\n\t<\/div>\n\t<\/div>\r\n<\/div>\r\n\r\n\r\n<div class=\"col-xs-12 col-sm-6\">\r\n    <div id=\"col_inner_e5046c43b19e9d4f1d6ce16928d0899a\" class=\"fw-col-inner\" data-paddings=\"0px 0px 0px 0px\">\r\n    \t\n<div class=\"block-title\">\n    <h2>Experi\u00eancia<\/h2>\n<\/div>\n\n\n<div id=\"timeline-69e21494da01c\" class=\"timeline clearfix\">\n\t\t<div class=\"timeline-item clearfix\">\n        <h5 class=\"item-period\">Nov\/2021 - Jun\/2025<\/h5>\n        <span class=\"item-company\">americanas s.a.<\/span>\n        <h4 class=\"item-title\"> Designer Jr<\/h4>\n        <div class=\"text\">\n        \tAtua\u00e7\u00e3o como Designer J\u00fanior na \u00e1rea de T&amp;D e Comunica\u00e7\u00e3o da Americanas, sendo respons\u00e1vel pela cria\u00e7\u00e3o e padroniza\u00e7\u00e3o de materiais, conforme as diretrizes da identidade visual da marca.\r\n\r\nPrincipais atividades:\r\n\r\nParticipa\u00e7\u00e3o em todas as etapas de projeto (briefing, brainstorm, desenvolvimento e entrega);\r\nDesign de posts e comunicados em diversos formatos;\r\nDesign de materiais impressos;\r\nDesign de apresenta\u00e7\u00f5es;\r\nEdi\u00e7\u00e3o de v\u00eddeos (curtos, m\u00e9dios e longos);\r\nAnima\u00e7\u00e3o de vinhetas com t\u00e9cnicas de Motion Design;\r\nAtualiza\u00e7\u00e3o de relat\u00f3rios e planilhas de controle.\r\n  \r\nPrincipais projetos:\r\nGrupos de engajamento Mundo Lorem e Academia do Cliente;\r\nCampanha Chat Bot Americanas;\r\nTreinamentos para agentes do SAC.        <\/div>\n            <\/div>\n\t\t<div class=\"timeline-item clearfix\">\n        <h5 class=\"item-period\">Abr\/2020 - Dez\/2020<\/h5>\n        <span class=\"item-company\">Prevident Assist\u00eancia Odontol\u00f3gica<\/span>\n        <h4 class=\"item-title\">Estagi\u00e1rio de cria\u00e7\u00e3o<\/h4>\n        <div class=\"text\">\n        \tAtua\u00e7\u00e3o na \u00e1rea de Marketing da Prevident, assegurando que todas as atividades sejam executadas de acordo com os padr\u00f5es de identidade visual da companhia.\r\n\r\nPrincipais atividades:\r\n\r\nDesign de m\u00eddias digitais (ad banners, posts para redes sociais, etc.);\r\nDesign de materiais impressos; \r\nDesign de apresenta\u00e7\u00f5es comerciais e institucionais;\r\nPlanejamento do cronograma mensal de postagens nas redes sociais; \r\nProdu\u00e7\u00e3o e edi\u00e7\u00e3o de v\u00eddeos comerciais e institucionais;\r\nCria\u00e7\u00e3o e envio de E-mail Marketing;\r\nCria\u00e7\u00e3o de prot\u00f3tipos de experi\u00eancia do usu\u00e1rio.\r\n\r\nPrincipais projetos:\r\nIdentidade Visual Odonto Servidor;\r\nCampanha Galo Odonto;\r\nSocial Media Prevident.        <\/div>\n            <\/div>\n\t<\/div>\n\t<\/div>\r\n<\/div>\r\n<\/div>\n\n<div class=\"row\">\n\t\r\n\r\n<div class=\"col-xs-12 col-sm-12\">\r\n    <div id=\"col_inner_7efa1d6a3a831b6e900bde5f116a3c77\" class=\"fw-col-inner\" data-paddings=\"0px 0px 0px 0px\">\r\n    \t\n\t<div class=\"fw-divider-space\" style=\"padding-top: 20px;\"><\/div>\n\n<div class=\"block-title\">\n    <h2>Certificados<\/h2>\n<\/div>\n\t<\/div>\r\n<\/div>\r\n<\/div>\n\n<div class=\"row\">\n\t\r\n\r\n<div class=\"col-xs-12 col-sm-6\">\r\n    <div id=\"col_inner_c62f8085404399e3c77be1f4a2121831\" class=\"fw-col-inner\" data-paddings=\"0px 0px 0px 0px\">\r\n    \t\n<a href=\"\/\/gustavoasantos.com\/wp-content\/uploads\/2025\/11\/Certificado_Final_UX_PUC-Rio_4052025000105-conv-0.jpeg\" class=\"lightbox\">\n<div class=\"certificate-item clearfix\">\n    <div class=\"certi-logo\">\n                <img decoding=\"async\" src=\"\/\/gustavoasantos.com\/wp-content\/uploads\/2025\/11\/puc_rio_logo.jpg\" alt=\"logo\">\n            <\/div>\n    <div class=\"certi-content\">\n        <div class=\"certi-title\">\n            <h4>UX Experi\u00eancia do Usu\u00e1rio e Intera\u00e7\u00e3o Humano-Computador<\/h4>\n        <\/div>\n        <div class=\"certi-id\">\n            <span>N\u00ba de verifica\u00e7\u00e3o: _cacfaf2a-9f26-40a1-9dd8-8477cb9cfaa3<\/span>\n        <\/div>\n        <div class=\"certi-date\">\n            <span>PUC-Rio \u2022 Emitido em 13 de novembro de 2025<\/span>\n        <\/div>\n        <div class=\"certi-company\">\n            <span><\/span>\n        <\/div>\n    <\/div>\n<\/div>\n<\/a>\n\t<\/div>\r\n<\/div>\r\n\r\n\r\n<div class=\"col-xs-12 col-sm-6\">\r\n    <div id=\"col_inner_41d55caba8c7dbb73edd6e9e147b3971\" class=\"fw-col-inner\" data-paddings=\"0px 0px 0px 0px\">\r\n    \t\n<a href=\"\/\/gustavoasantos.com\/wp-content\/uploads\/2025\/11\/Certificado-Google-UX-Design-Coursera-W5DCW5PYFNQ1-1.jpg\" class=\"lightbox\">\n<div class=\"certificate-item clearfix\">\n    <div class=\"certi-logo\">\n                <img decoding=\"async\" src=\"\/\/gustavoasantos.com\/wp-content\/uploads\/2025\/11\/google_logo.jpg\" alt=\"logo\">\n            <\/div>\n    <div class=\"certi-content\">\n        <div class=\"certi-title\">\n            <h4>Google UX Design<\/h4>\n        <\/div>\n        <div class=\"certi-id\">\n            <span>N\u00ba de verifica\u00e7\u00e3o: W5DCW5PYFNQ1<\/span>\n        <\/div>\n        <div class=\"certi-date\">\n            <span>Coursera \u2022 Emitido em 25 de novembro de 2024<\/span>\n        <\/div>\n        <div class=\"certi-company\">\n            <span><\/span>\n        <\/div>\n    <\/div>\n<\/div>\n<\/a>\n\t<\/div>\r\n<\/div>\r\n<\/div>\n\n<div class=\"row\">\n\t\r\n\r\n<div class=\"col-xs-12 col-sm-6\">\r\n    <div id=\"col_inner_37c956882281a6959a74bb1484c505ce\" class=\"fw-col-inner\" data-paddings=\"0px 0px 0px 0px\">\r\n    \t\n<a href=\"\/\/gustavoasantos.com\/wp-content\/uploads\/2025\/11\/Certificado-Branding-Essencial-Laje-conv-0.jpeg\" class=\"lightbox\">\n<div class=\"certificate-item clearfix\">\n    <div class=\"certi-logo\">\n                <img decoding=\"async\" src=\"\/\/gustavoasantos.com\/wp-content\/uploads\/2025\/11\/lajeac_logo.jpg\" alt=\"logo\">\n            <\/div>\n    <div class=\"certi-content\">\n        <div class=\"certi-title\">\n            <h4>Branding Essencial<\/h4>\n        <\/div>\n        <div class=\"certi-id\">\n            <span><\/span>\n        <\/div>\n        <div class=\"certi-date\">\n            <span>LAJE \u2022 Emitido em 03 de junho de 2023<\/span>\n        <\/div>\n        <div class=\"certi-company\">\n            <span><\/span>\n        <\/div>\n    <\/div>\n<\/div>\n<\/a>\n\t<\/div>\r\n<\/div>\r\n\r\n\r\n<div class=\"col-xs-12 col-sm-6\">\r\n    <div id=\"col_inner_8ef7163744240cf3d87934017f51b432\" class=\"fw-col-inner\" data-paddings=\"0px 0px 0px 0px\">\r\n    \t\n<a href=\"\/\/gustavoasantos.com\/wp-content\/uploads\/2025\/11\/InDesign_para_Iniciantes___20h-Certificado_de_conclusao.v1_86330-conv-0.jpeg\" class=\"lightbox\">\n<div class=\"certificate-item clearfix\">\n    <div class=\"certi-logo\">\n                <img decoding=\"async\" src=\"\/\/gustavoasantos.com\/wp-content\/uploads\/2025\/11\/ufrb_logo.jpg\" alt=\"logo\">\n            <\/div>\n    <div class=\"certi-content\">\n        <div class=\"certi-title\">\n            <h4>Adobe InDesign<\/h4>\n        <\/div>\n        <div class=\"certi-id\">\n            <span>N\u00ba de verifica\u00e7\u00e3o: 5ec1a01a-06e4-44a0-b7b7-51fbc8805554<\/span>\n        <\/div>\n        <div class=\"certi-date\">\n            <span>UFRB - Universidade Federal do Rec\u00f4ncavo da Bahia \u2022 Emitido em 17 de maio de 2020<\/span>\n        <\/div>\n        <div class=\"certi-company\">\n            <span><\/span>\n        <\/div>\n    <\/div>\n<\/div>\n<\/a>\n\t<\/div>\r\n<\/div>\r\n<\/div>\n\n<div class=\"row\">\n\t\r\n\r\n<div class=\"col-xs-12 col-sm-6\">\r\n    <div id=\"col_inner_ae381b9258d17eb661fd626aa3268dfe\" class=\"fw-col-inner\" data-paddings=\"0px 0px 0px 0px\">\r\n    \t\n<a href=\"\/\/gustavoasantos.com\/wp-content\/uploads\/2025\/11\/cursosaga0001-r.jpg\" class=\"lightbox\">\n<div class=\"certificate-item clearfix\">\n    <div class=\"certi-logo\">\n                <img decoding=\"async\" src=\"\/\/gustavoasantos.com\/wp-content\/uploads\/2025\/11\/escolasaga_logo.jpg\" alt=\"logo\">\n            <\/div>\n    <div class=\"certi-content\">\n        <div class=\"certi-title\">\n            <h4>Start Computa\u00e7\u00e3o Gr\u00e1fica<\/h4>\n        <\/div>\n        <div class=\"certi-id\">\n            <span><\/span>\n        <\/div>\n        <div class=\"certi-date\">\n            <span>Escola SAGA \u2022 Emitido em 15 de setembro de 2016<\/span>\n        <\/div>\n        <div class=\"certi-company\">\n            <span><\/span>\n        <\/div>\n    <\/div>\n<\/div>\n<\/a>\n\t<\/div>\r\n<\/div>\r\n<\/div>\n\n<div class=\"row\">\n\t\r\n\r\n<div class=\"col-xs-12 col-sm-12\">\r\n    <div id=\"col_inner_f72d1ecce355e50c601f1c2621706588\" class=\"fw-col-inner\" data-paddings=\"0px 0px 0px 0px\">\r\n    \t\n\t<div class=\"fw-divider-space\" style=\"padding-top: 40px;\"><\/div>\n\t<\/div>\r\n<\/div>\r\n<\/div>\n\n<div class=\"row\">\n\t\r\n\r\n<div class=\"col-xs-12 col-sm-6\">\r\n    <div id=\"col_inner_0114d1c01f29d709d04fc0ab59c54025\" class=\"fw-col-inner\" data-paddings=\"0px 0px 0px 0px\">\r\n    \t\n<div class=\"block-title\">\n    <h2>Design Skills<\/h2>\n<\/div>\n\n\n<div id=\"skills-69e21494dade5\" class=\"skills-info skills-first-style\">\n\t<div class=\"clearfix\">\n\t\t<h4>UI\/UX Design<\/h4>\n\t\t<div class=\"skill-value\">90%<\/div>\n\t<\/div>\n\t<div id=\"skill-ec5d275ae4c1138a0547f7b8351f6db4\" data-value=\"90\" data-color=\"#ff8b00\" class=\"skill-container\">\n\t\t<div class=\"skill-percentage\"><\/div>\n\t<\/div>\n\t<div class=\"clearfix\">\n\t\t<h4>Design gr\u00e1fico<\/h4>\n\t\t<div class=\"skill-value\">95%<\/div>\n\t<\/div>\n\t<div id=\"skill-47d1f4a023616123ba6cd1638dfff80a\" data-value=\"95\" data-color=\"#ff8b00\" class=\"skill-container\">\n\t\t<div class=\"skill-percentage\"><\/div>\n\t<\/div>\n\t<div class=\"clearfix\">\n\t\t<h4>Motion design<\/h4>\n\t\t<div class=\"skill-value\">80%<\/div>\n\t<\/div>\n\t<div id=\"skill-e8f3285d4713f2b9f41007b5de838752\" data-value=\"80\" data-color=\"#ff8b00\" class=\"skill-container\">\n\t\t<div class=\"skill-percentage\"><\/div>\n\t<\/div>\n\t<div class=\"clearfix\">\n\t\t<h4>Web design<\/h4>\n\t\t<div class=\"skill-value\">80%<\/div>\n\t<\/div>\n\t<div id=\"skill-478f6c24022ee44bf22d73b0db8371d9\" data-value=\"80\" data-color=\"#ff8b00\" class=\"skill-container\">\n\t\t<div class=\"skill-percentage\"><\/div>\n\t<\/div>\n<\/div>\n\t<\/div>\r\n<\/div>\r\n\r\n\r\n<div class=\"col-xs-12 col-sm-6\">\r\n    <div id=\"col_inner_796332a970e05ad435677b3cb493b49a\" class=\"fw-col-inner\" data-paddings=\"0px 0px 0px 0px\">\r\n    \t\n<div class=\"block-title\">\n    <h2>Coding Skills<\/h2>\n<\/div>\n\n\n<div id=\"skills-69e21494daeef\" class=\"skills-info skills-first-style\">\n\t<div class=\"clearfix\">\n\t\t<h4>HTML<\/h4>\n\t\t<div class=\"skill-value\">90%<\/div>\n\t<\/div>\n\t<div id=\"skill-e483ff67e9dce61b63f184b08a40e82d\" data-value=\"90\" data-color=\"#ff8b00\" class=\"skill-container\">\n\t\t<div class=\"skill-percentage\"><\/div>\n\t<\/div>\n\t<div class=\"clearfix\">\n\t\t<h4>CSS<\/h4>\n\t\t<div class=\"skill-value\">80%<\/div>\n\t<\/div>\n\t<div id=\"skill-1ef3664d55a118456f4efdee3ea786ff\" data-value=\"80\" data-color=\"#ff8b00\" class=\"skill-container\">\n\t\t<div class=\"skill-percentage\"><\/div>\n\t<\/div>\n<\/div>\n\t<\/div>\r\n<\/div>\r\n<\/div>\n\n<div class=\"row\">\n\t\r\n\r\n<div class=\"col-xs-12 col-sm-12\">\r\n    <div id=\"col_inner_36e5ca918108537bc434ed44763fd739\" class=\"fw-col-inner\" data-paddings=\"0px 0px 0px 0px\">\r\n    \t\n\t<div class=\"fw-divider-space\" style=\"padding-top: 100px;\"><\/div>\n\t<\/div>\r\n<\/div>\r\n<\/div>\n\n\t<\/div>\n<\/section>\n<section class=\"fw-main-row\"  >\n\t<div class=\"fw-container-fluid\">\n\t\t<div class=\"row\">\n\t\r\n\r\n<div class=\"col-xs-12 col-sm-3 center\">\r\n    <div id=\"col_inner_a6075f606a0588cab92065bdbed964aa\" class=\"fw-col-inner\" data-paddings=\"0px 0px 0px 80px\">\r\n    \t<div class=\"trp-shortcode-switcher__wrapper\"\r\n     style=\"--bg:#ffffff;--bg-hover:#0000000d;--text:#143852;--text-hover:#1d2327;--border:1px solid #1438521a;--border-width:1px;--border-color:#1438521a;--border-radius:5px;--flag-radius:2px;--flag-size:18px;--aspect-ratio:4\/3;--font-size:14px;--transition-duration:0.2s\"\r\n     role=\"group\"\r\n     data-open-mode=\"hover\">\r\n\r\n    \r\n        <!-- ANCHOR (in-flow only; sizing\/borders; inert) -->\r\n        <div class=\"trp-language-switcher trp-ls-dropdown trp-shortcode-switcher trp-shortcode-anchor trp-open-on-hover\"\r\n             aria-hidden=\"true\"\r\n             inert\r\n data-no-translation>\r\n                <div class=\"trp-current-language-item__wrapper\">\r\n        <a class=\"trp-language-item trp-language-item__default trp-language-item__current\" data-no-translation href=\"https:\/\/gustavoasantos.com\/en\/wp-json\/wp\/v2\/pages\/171\" title=\"EN\"><img decoding=\"async\" src=\"https:\/\/gustavoasantos.com\/wp-content\/plugins\/translatepress-multilingual\/assets\/flags\/4x3\/en_US.svg\" class=\"trp-flag-image\" alt=\"\" role=\"presentation\" loading=\"lazy\" \/><span class=\"trp-language-item-name\">EN<\/span><\/a>                    <svg class=\"trp-shortcode-arrow\" width=\"20\" height=\"20\" viewbox=\"0 0 20 21\" fill=\"none\" aria-hidden=\"true\" focusable=\"false\" xmlns=\"http:\/\/www.w3.org\/2000\/svg\">\r\n                <path d=\"M5 8L10 13L15 8\" stroke=\"var(--text)\" stroke-width=\"2\" stroke-linecap=\"round\" stroke-linejoin=\"round\"\/>\r\n            <\/svg>\r\n            <\/div>\r\n            <\/div>\r\n\r\n        <!-- OVERLAY (positioned; interactive surface) -->\r\n        <div class=\"trp-language-switcher trp-ls-dropdown trp-shortcode-switcher trp-shortcode-overlay trp-open-on-hover\"\r\n             role=\"navigation\"\r\n             aria-label=\"Website language selector\"\r\n             data-no-translation\r\n>\r\n                <div class=\"trp-current-language-item__wrapper\">\r\n        <div class=\"trp-language-item trp-language-item__default trp-language-item__current\" data-no-translation role=\"button\" aria-expanded=\"false\" tabindex=\"0\" aria-label=\"Change language\" aria-controls=\"trp-shortcode-dropdown-69e21494db98e\"><img decoding=\"async\" src=\"https:\/\/gustavoasantos.com\/wp-content\/plugins\/translatepress-multilingual\/assets\/flags\/4x3\/en_US.svg\" class=\"trp-flag-image\" alt=\"\" role=\"presentation\" loading=\"lazy\" \/><span class=\"trp-language-item-name\">EN<\/span><\/div>                    <svg class=\"trp-shortcode-arrow\" width=\"20\" height=\"20\" viewbox=\"0 0 20 21\" fill=\"none\" aria-hidden=\"true\" focusable=\"false\" xmlns=\"http:\/\/www.w3.org\/2000\/svg\">\r\n                <path d=\"M5 8L10 13L15 8\" stroke=\"var(--text)\" stroke-width=\"2\" stroke-linecap=\"round\" stroke-linejoin=\"round\"\/>\r\n            <\/svg>\r\n            <\/div>\r\n    \r\n            <div class=\"trp-switcher-dropdown-list\"\r\n                 id=\"trp-shortcode-dropdown-69e21494db98e\"\r\n                 role=\"group\"\r\n                 aria-label=\"Available languages\"\r\n                 hidden\r\n inert\r\n>\r\n                                                            <a class=\"trp-language-item\" href=\"https:\/\/gustavoasantos.com\/en\/wp-json\/wp\/v2\/pages\/171\" title=\"BR\">\r\n                            <img decoding=\"async\" src=\"https:\/\/gustavoasantos.com\/wp-content\/plugins\/translatepress-multilingual\/assets\/flags\/4x3\/pt_BR.svg\" class=\"trp-flag-image\" alt=\"\" role=\"presentation\" loading=\"lazy\" \/>                                                            <span class=\"trp-language-item-name\" data-no-translation>BR<\/span>\r\n                                                                                <\/a>\r\n                                                <\/div>\r\n        <\/div>\r\n\r\n    <\/div>\r\n\n\t<div class=\"fw-divider-space\" style=\"padding-top: 10px;\"><\/div>\n\n<div class=\"social-links-block\">\n\t\t<ul class=\"social-links\" id=\"social-links-69e21494dbe7c\">\n\t\t\t\t\t\t\t\t<li><a class=\"social-button\" href=\"https:\/\/www.linkedin.com\/in\/gustavoaraujodg\/\" target=\"_blank\" title=\"LinkedIn\">\n\t\t\t\t\t\t\t    \t\t\t                <i class=\"fa fa-linkedin\"><\/i>\n\t\t\t            \t\t\t<\/a><\/li>\n\t\t\t\t\t\t\t\t<li><a class=\"social-button\" href=\"https:\/\/www.instagram.com\/gustavoaraujodg\/\" target=\"_blank\" title=\"Instagram\">\n\t\t\t\t\t\t\t    \t\t\t                <i class=\"fa fa-instagram\"><\/i>\n\t\t\t            \t\t\t<\/a><\/li>\n\t\t\t<\/ul>\n<\/div>\n\t<\/div>\r\n<\/div>\r\n<\/div>\n\n\t<\/div>\n<\/section>\n<\/p>","protected":false},"excerpt":{"rendered":"<p>UX\/UI Designer Designer Gr\u00e1fico Gustavo Ara\u00fajo Ol\u00e1! Me chamo Gustavo, tenho 24 anos, sou natural de S\u00e3o Paulo &#8211; SP. Atuo como designer h\u00e1 mais de 6 anos, participando de diversos projetos para empresas nacionais de todos os portes.H\u00e1 tr\u00eas anos, estou em um processo de transi\u00e7\u00e3o de carreira, buscando me especializar como designer de&#8230;<\/p>\n<p><a class=\"read-more\" href=\"https:\/\/gustavoasantos.com\/en\/sobre\/\">Read More<\/a><\/p>","protected":false},"author":1,"featured_media":0,"parent":0,"menu_order":0,"comment_status":"closed","ping_status":"closed","template":"","meta":{"footnotes":""},"class_list":["post-171","page","type-page","status-publish","hentry"],"_links":{"self":[{"href":"https:\/\/gustavoasantos.com\/en\/wp-json\/wp\/v2\/pages\/171","targetHints":{"allow":["GET"]}}],"collection":[{"href":"https:\/\/gustavoasantos.com\/en\/wp-json\/wp\/v2\/pages"}],"about":[{"href":"https:\/\/gustavoasantos.com\/en\/wp-json\/wp\/v2\/types\/page"}],"author":[{"embeddable":true,"href":"https:\/\/gustavoasantos.com\/en\/wp-json\/wp\/v2\/users\/1"}],"replies":[{"embeddable":true,"href":"https:\/\/gustavoasantos.com\/en\/wp-json\/wp\/v2\/comments?post=171"}],"version-history":[{"count":90,"href":"https:\/\/gustavoasantos.com\/en\/wp-json\/wp\/v2\/pages\/171\/revisions"}],"predecessor-version":[{"id":1077,"href":"https:\/\/gustavoasantos.com\/en\/wp-json\/wp\/v2\/pages\/171\/revisions\/1077"}],"wp:attachment":[{"href":"https:\/\/gustavoasantos.com\/en\/wp-json\/wp\/v2\/media?parent=171"}],"curies":[{"name":"wp","href":"https:\/\/api.w.org\/{rel}","templated":true}]}}